{"id":402,"date":"2024-06-21T17:52:26","date_gmt":"2024-06-21T15:52:26","guid":{"rendered":"https:\/\/www.northsea-basenjis.de\/?page_id=402"},"modified":"2025-07-27T16:07:47","modified_gmt":"2025-07-27T14:07:47","slug":"ausstellungen-2024","status":"publish","type":"page","link":"https:\/\/www.northsea-basenjis.de\/?page_id=402","title":{"rendered":"Ausstellungen 2024"},"content":{"rendered":"\n<h2 class=\"wp-block-heading\">Internationale Ausstellung Leeuwarden\/ Niederlande\/ November<\/h2>\n\n\n\n<p>Freitag: rCAC and CACIB (das Zweite)<br>Samstag: nicht Groots Tag <br>Sonntag: rCACIB mit einem superguten Richterbericht von einem Basenjispezialisten<\/p>\n\n\n\n<figure class=\"wp-block-gallery has-nested-images columns-default is-cropped wp-block-gallery-1 is-layout-flex wp-block-gallery-is-layout-flex\">\n<figure class=\"wp-block-image size-large\"><img loading=\"lazy\" decoding=\"async\" width=\"1024\" height=\"768\" data-id=\"501\" src=\"https:\/\/www.northsea-basenjis.de\/wp-content\/uploads\/2025\/07\/1733335841753.jpeg_compressed-1024x768.jpeg\" alt=\"\" class=\"wp-image-501\" srcset=\"https:\/\/www.northsea-basenjis.de\/wp-content\/uploads\/2025\/07\/1733335841753.jpeg_compressed-1024x768.jpeg 1024w, https:\/\/www.northsea-basenjis.de\/wp-content\/uploads\/2025\/07\/1733335841753.jpeg_compressed-300x225.jpeg 300w, https:\/\/www.northsea-basenjis.de\/wp-content\/uploads\/2025\/07\/1733335841753.jpeg_compressed-768x576.jpeg 768w, https:\/\/www.northsea-basenjis.de\/wp-content\/uploads\/2025\/07\/1733335841753.jpeg_compressed-1536x1152.jpeg 1536w, https:\/\/www.northsea-basenjis.de\/wp-content\/uploads\/2025\/07\/1733335841753.jpeg_compressed.jpeg 1707w\" sizes=\"auto, (max-width: 767px) 89vw, (max-width: 1000px) 54vw, (max-width: 1071px) 543px, 580px\" \/><\/figure>\n\n\n\n<figure class=\"wp-block-image size-large\"><img loading=\"lazy\" decoding=\"async\" width=\"1024\" height=\"577\" data-id=\"500\" src=\"https:\/\/www.northsea-basenjis.de\/wp-content\/uploads\/2025\/07\/1733335574552.jpeg_compressed-1024x577.jpeg\" alt=\"\" class=\"wp-image-500\" srcset=\"https:\/\/www.northsea-basenjis.de\/wp-content\/uploads\/2025\/07\/1733335574552.jpeg_compressed-1024x577.jpeg 1024w, https:\/\/www.northsea-basenjis.de\/wp-content\/uploads\/2025\/07\/1733335574552.jpeg_compressed-300x169.jpeg 300w, https:\/\/www.northsea-basenjis.de\/wp-content\/uploads\/2025\/07\/1733335574552.jpeg_compressed-768x432.jpeg 768w, https:\/\/www.northsea-basenjis.de\/wp-content\/uploads\/2025\/07\/1733335574552.jpeg_compressed-1536x865.jpeg 1536w, https:\/\/www.northsea-basenjis.de\/wp-content\/uploads\/2025\/07\/1733335574552.jpeg_compressed.jpeg 2000w\" sizes=\"auto, (max-width: 767px) 89vw, (max-width: 1000px) 54vw, (max-width: 1071px) 543px, 580px\" \/><\/figure>\n\n\n\n<figure class=\"wp-block-image size-large\"><img loading=\"lazy\" decoding=\"async\" width=\"1024\" height=\"577\" data-id=\"502\" src=\"https:\/\/www.northsea-basenjis.de\/wp-content\/uploads\/2025\/07\/1733335574503.jpeg_compressed-1024x577.jpeg\" alt=\"\" class=\"wp-image-502\" srcset=\"https:\/\/www.northsea-basenjis.de\/wp-content\/uploads\/2025\/07\/1733335574503.jpeg_compressed-1024x577.jpeg 1024w, https:\/\/www.northsea-basenjis.de\/wp-content\/uploads\/2025\/07\/1733335574503.jpeg_compressed-300x169.jpeg 300w, https:\/\/www.northsea-basenjis.de\/wp-content\/uploads\/2025\/07\/1733335574503.jpeg_compressed-768x432.jpeg 768w, https:\/\/www.northsea-basenjis.de\/wp-content\/uploads\/2025\/07\/1733335574503.jpeg_compressed-1536x865.jpeg 1536w, https:\/\/www.northsea-basenjis.de\/wp-content\/uploads\/2025\/07\/1733335574503.jpeg_compressed.jpeg 2000w\" sizes=\"auto, (max-width: 767px) 89vw, (max-width: 1000px) 54vw, (max-width: 1071px) 543px, 580px\" \/><\/figure>\n<\/figure>\n\n\n\n<h2 class=\"wp-block-heading\">Internationale Ausstellung Salzburg\/\u00d6sterreich\/ August<\/h2>\n\n\n\n<p>Samstag: CACA in der Offenen Klasse<br>Sonntag: rCACA in der Championklasse (kann als CACA genutzt werden)<br>Somit sind 50% der \u00d6sterreichischen Champions geschafft.<\/p>\n\n\n\n<figure class=\"wp-block-gallery aligncenter has-nested-images columns-default is-cropped wp-block-gallery-2 is-layout-flex wp-block-gallery-is-layout-flex\">\n<figure class=\"wp-block-image size-large\"><img loading=\"lazy\" decoding=\"async\" width=\"768\" height=\"1024\" data-id=\"487\" src=\"https:\/\/www.northsea-basenjis.de\/wp-content\/uploads\/2025\/07\/1726410533793.jpg_compressed-768x1024.jpeg\" alt=\"\" class=\"wp-image-487\" srcset=\"https:\/\/www.northsea-basenjis.de\/wp-content\/uploads\/2025\/07\/1726410533793.jpg_compressed-768x1024.jpeg 768w, https:\/\/www.northsea-basenjis.de\/wp-content\/uploads\/2025\/07\/1726410533793.jpg_compressed-225x300.jpeg 225w, https:\/\/www.northsea-basenjis.de\/wp-content\/uploads\/2025\/07\/1726410533793.jpg_compressed-1152x1536.jpeg 1152w, https:\/\/www.northsea-basenjis.de\/wp-content\/uploads\/2025\/07\/1726410533793.jpg_compressed.jpeg 1280w\" sizes=\"auto, (max-width: 767px) 89vw, (max-width: 1000px) 54vw, (max-width: 1071px) 543px, 580px\" \/><\/figure>\n\n\n\n<figure class=\"wp-block-image size-large\"><img loading=\"lazy\" decoding=\"async\" width=\"1024\" height=\"768\" data-id=\"490\" src=\"https:\/\/www.northsea-basenjis.de\/wp-content\/uploads\/2025\/07\/1726409479285.jpg_compressed-1024x768.jpeg\" alt=\"\" class=\"wp-image-490\" srcset=\"https:\/\/www.northsea-basenjis.de\/wp-content\/uploads\/2025\/07\/1726409479285.jpg_compressed-1024x768.jpeg 1024w, https:\/\/www.northsea-basenjis.de\/wp-content\/uploads\/2025\/07\/1726409479285.jpg_compressed-300x225.jpeg 300w, https:\/\/www.northsea-basenjis.de\/wp-content\/uploads\/2025\/07\/1726409479285.jpg_compressed-768x576.jpeg 768w, https:\/\/www.northsea-basenjis.de\/wp-content\/uploads\/2025\/07\/1726409479285.jpg_compressed-1536x1152.jpeg 1536w, https:\/\/www.northsea-basenjis.de\/wp-content\/uploads\/2025\/07\/1726409479285.jpg_compressed.jpeg 1707w\" sizes=\"auto, (max-width: 767px) 89vw, (max-width: 1000px) 54vw, (max-width: 1071px) 543px, 580px\" \/><\/figure>\n\n\n\n<figure class=\"wp-block-image size-large\"><img loading=\"lazy\" decoding=\"async\" width=\"546\" height=\"1024\" data-id=\"488\" src=\"https:\/\/www.northsea-basenjis.de\/wp-content\/uploads\/2025\/07\/1726410533709.jpeg_compressed-546x1024.jpeg\" alt=\"\" class=\"wp-image-488\" srcset=\"https:\/\/www.northsea-basenjis.de\/wp-content\/uploads\/2025\/07\/1726410533709.jpeg_compressed-546x1024.jpeg 546w, https:\/\/www.northsea-basenjis.de\/wp-content\/uploads\/2025\/07\/1726410533709.jpeg_compressed-160x300.jpeg 160w, https:\/\/www.northsea-basenjis.de\/wp-content\/uploads\/2025\/07\/1726410533709.jpeg_compressed-768x1440.jpeg 768w, https:\/\/www.northsea-basenjis.de\/wp-content\/uploads\/2025\/07\/1726410533709.jpeg_compressed.jpeg 806w\" sizes=\"auto, (max-width: 546px) 100vw, 546px\" \/><\/figure>\n<\/figure>\n\n\n\n<h2 class=\"wp-block-heading\">Internationale Ausstellung Vejen\/ D\u00e4nemark\/ Juni<\/h2>\n\n\n\n<p>Freitag: rCERT (d\u00e4nisches CAC)<br>Samstag: rCERT (diese k\u00f6nnen wir f\u00fcr Groot nutzen, da Rocket am Tag vorher D\u00e4nischer Champion geworden ist)<\/p>\n\n\n\n<p class=\"has-vivid-red-color has-text-color has-link-color wp-elements-261aa126f1cf2dfb999c3178600803cb\">Groot ist somit D\u00c4NISCHER CHAMPION<\/p>\n\n\n\n<p>Sonntag: rCERT<\/p>\n\n\n\n<figure class=\"wp-block-gallery has-nested-images columns-default is-cropped wp-block-gallery-3 is-layout-flex wp-block-gallery-is-layout-flex\">\n<figure class=\"wp-block-image size-large\"><img loading=\"lazy\" decoding=\"async\" width=\"768\" height=\"1024\" data-id=\"404\" src=\"https:\/\/www.northsea-basenjis.de\/wp-content\/uploads\/2024\/06\/IMG_20240616_092536_1_1-768x1024.jpg\" alt=\"\" class=\"wp-image-404\" srcset=\"https:\/\/www.northsea-basenjis.de\/wp-content\/uploads\/2024\/06\/IMG_20240616_092536_1_1-768x1024.jpg 768w, https:\/\/www.northsea-basenjis.de\/wp-content\/uploads\/2024\/06\/IMG_20240616_092536_1_1-225x300.jpg 225w, https:\/\/www.northsea-basenjis.de\/wp-content\/uploads\/2024\/06\/IMG_20240616_092536_1_1-1152x1536.jpg 1152w, https:\/\/www.northsea-basenjis.de\/wp-content\/uploads\/2024\/06\/IMG_20240616_092536_1_1-1536x2048.jpg 1536w, https:\/\/www.northsea-basenjis.de\/wp-content\/uploads\/2024\/06\/IMG_20240616_092536_1_1-scaled.jpg 1920w\" sizes=\"auto, (max-width: 767px) 89vw, (max-width: 1000px) 54vw, (max-width: 1071px) 543px, 580px\" \/><\/figure>\n\n\n\n<figure class=\"wp-block-image size-large\"><img loading=\"lazy\" decoding=\"async\" width=\"1024\" height=\"768\" data-id=\"398\" src=\"https:\/\/www.northsea-basenjis.de\/wp-content\/uploads\/2024\/06\/IMG-20240615-WA0003-1024x768.jpg\" alt=\"\" class=\"wp-image-398\" srcset=\"https:\/\/www.northsea-basenjis.de\/wp-content\/uploads\/2024\/06\/IMG-20240615-WA0003-1024x768.jpg 1024w, https:\/\/www.northsea-basenjis.de\/wp-content\/uploads\/2024\/06\/IMG-20240615-WA0003-300x225.jpg 300w, https:\/\/www.northsea-basenjis.de\/wp-content\/uploads\/2024\/06\/IMG-20240615-WA0003-768x576.jpg 768w, https:\/\/www.northsea-basenjis.de\/wp-content\/uploads\/2024\/06\/IMG-20240615-WA0003-1536x1152.jpg 1536w, https:\/\/www.northsea-basenjis.de\/wp-content\/uploads\/2024\/06\/IMG-20240615-WA0003.jpg 2048w\" sizes=\"auto, (max-width: 767px) 89vw, (max-width: 1000px) 54vw, (max-width: 1071px) 543px, 580px\" \/><\/figure>\n\n\n\n<figure class=\"wp-block-image size-large\"><img loading=\"lazy\" decoding=\"async\" width=\"1024\" height=\"768\" data-id=\"405\" src=\"https:\/\/www.northsea-basenjis.de\/wp-content\/uploads\/2024\/06\/IMG-20240614-WA0018-1024x768.jpg\" alt=\"\" class=\"wp-image-405\" srcset=\"https:\/\/www.northsea-basenjis.de\/wp-content\/uploads\/2024\/06\/IMG-20240614-WA0018-1024x768.jpg 1024w, https:\/\/www.northsea-basenjis.de\/wp-content\/uploads\/2024\/06\/IMG-20240614-WA0018-300x225.jpg 300w, https:\/\/www.northsea-basenjis.de\/wp-content\/uploads\/2024\/06\/IMG-20240614-WA0018-768x576.jpg 768w, https:\/\/www.northsea-basenjis.de\/wp-content\/uploads\/2024\/06\/IMG-20240614-WA0018-1536x1152.jpg 1536w, https:\/\/www.northsea-basenjis.de\/wp-content\/uploads\/2024\/06\/IMG-20240614-WA0018.jpg 2048w\" sizes=\"auto, (max-width: 767px) 89vw, (max-width: 1000px) 54vw, (max-width: 1071px) 543px, 580px\" \/><\/figure>\n<\/figure>\n\n\n\n<h2 class=\"wp-block-heading\">Fr\u00fchjahrs-und Europasiegerausstellung Dortmund\/ Mai<\/h2>\n\n\n\n<p class=\"has-black-color has-text-color has-link-color wp-elements-1543356c1b75abf006de0e29babf1b6e\">Freitag: CAC, CACIB und BOS, Fr\u00fchjahrssieger 2024<\/p>\n\n\n\n<p class=\"has-vivid-red-color has-text-color has-link-color wp-elements-c8dea568631f724829f2871a2d11dc8e\">Groot ist somit DEUTSCHER KLUB-CHAMPION<\/p>\n\n\n\n<p class=\"has-black-color has-text-color has-link-color wp-elements-7b6071e29fd8dfd1c73087c13a26974c\">Sonntag: rCAC (dieses z\u00e4hlt auf der Europasieger-Ausstellung als CAC<\/p>\n\n\n\n<p class=\"has-vivid-red-color has-text-color has-link-color wp-elements-ac27731583744dfdf5c6b58e431e9c8e\">Groot ist somit DEUTSCHER CHAMPION (VDH)<\/p>\n\n\n\n<div class=\"wp-block-columns is-layout-flex wp-container-core-columns-is-layout-9d6595d7 wp-block-columns-is-layout-flex\">\n<div class=\"wp-block-column is-layout-flow wp-block-column-is-layout-flow\" style=\"flex-basis:100%\">\n<figure class=\"wp-block-gallery has-nested-images columns-default is-cropped wp-block-gallery-4 is-layout-flex wp-block-gallery-is-layout-flex\">\n<figure class=\"wp-block-image size-large\"><img loading=\"lazy\" decoding=\"async\" width=\"1024\" height=\"961\" data-id=\"406\" src=\"https:\/\/www.northsea-basenjis.de\/wp-content\/uploads\/2024\/06\/IMG_20240526_173917-1024x961.jpg\" alt=\"\" class=\"wp-image-406\" srcset=\"https:\/\/www.northsea-basenjis.de\/wp-content\/uploads\/2024\/06\/IMG_20240526_173917-1024x961.jpg 1024w, https:\/\/www.northsea-basenjis.de\/wp-content\/uploads\/2024\/06\/IMG_20240526_173917-300x282.jpg 300w, https:\/\/www.northsea-basenjis.de\/wp-content\/uploads\/2024\/06\/IMG_20240526_173917-768x721.jpg 768w, https:\/\/www.northsea-basenjis.de\/wp-content\/uploads\/2024\/06\/IMG_20240526_173917.jpg 1046w\" sizes=\"auto, (max-width: 767px) 89vw, (max-width: 1000px) 54vw, (max-width: 1071px) 543px, 580px\" \/><\/figure>\n\n\n\n<figure class=\"wp-block-image size-large\"><img loading=\"lazy\" decoding=\"async\" width=\"1024\" height=\"683\" data-id=\"409\" src=\"https:\/\/www.northsea-basenjis.de\/wp-content\/uploads\/2024\/06\/received_427196073409457-1024x683.jpeg\" alt=\"\" class=\"wp-image-409\" srcset=\"https:\/\/www.northsea-basenjis.de\/wp-content\/uploads\/2024\/06\/received_427196073409457-1024x683.jpeg 1024w, https:\/\/www.northsea-basenjis.de\/wp-content\/uploads\/2024\/06\/received_427196073409457-300x200.jpeg 300w, https:\/\/www.northsea-basenjis.de\/wp-content\/uploads\/2024\/06\/received_427196073409457-768x512.jpeg 768w, https:\/\/www.northsea-basenjis.de\/wp-content\/uploads\/2024\/06\/received_427196073409457-1536x1024.jpeg 1536w, https:\/\/www.northsea-basenjis.de\/wp-content\/uploads\/2024\/06\/received_427196073409457-2048x1365.jpeg 2048w\" sizes=\"auto, (max-width: 767px) 89vw, (max-width: 1000px) 54vw, (max-width: 1071px) 543px, 580px\" \/><\/figure>\n\n\n\n<figure class=\"wp-block-image size-large\"><img loading=\"lazy\" decoding=\"async\" width=\"1024\" height=\"768\" data-id=\"407\" src=\"https:\/\/www.northsea-basenjis.de\/wp-content\/uploads\/2024\/06\/received_1471295433489533-1024x768.jpeg\" alt=\"\" class=\"wp-image-407\" srcset=\"https:\/\/www.northsea-basenjis.de\/wp-content\/uploads\/2024\/06\/received_1471295433489533-1024x768.jpeg 1024w, https:\/\/www.northsea-basenjis.de\/wp-content\/uploads\/2024\/06\/received_1471295433489533-300x225.jpeg 300w, https:\/\/www.northsea-basenjis.de\/wp-content\/uploads\/2024\/06\/received_1471295433489533-768x576.jpeg 768w, https:\/\/www.northsea-basenjis.de\/wp-content\/uploads\/2024\/06\/received_1471295433489533-1536x1152.jpeg 1536w, https:\/\/www.northsea-basenjis.de\/wp-content\/uploads\/2024\/06\/received_1471295433489533.jpeg 2016w\" sizes=\"auto, (max-width: 767px) 89vw, (max-width: 1000px) 54vw, (max-width: 1071px) 543px, 580px\" \/><\/figure>\n\n\n\n<figure class=\"wp-block-image size-large\"><img loading=\"lazy\" decoding=\"async\" width=\"1024\" height=\"683\" data-id=\"408\" src=\"https:\/\/www.northsea-basenjis.de\/wp-content\/uploads\/2024\/06\/received_813384570315548-1024x683.jpeg\" alt=\"\" class=\"wp-image-408\" srcset=\"https:\/\/www.northsea-basenjis.de\/wp-content\/uploads\/2024\/06\/received_813384570315548-1024x683.jpeg 1024w, https:\/\/www.northsea-basenjis.de\/wp-content\/uploads\/2024\/06\/received_813384570315548-300x200.jpeg 300w, https:\/\/www.northsea-basenjis.de\/wp-content\/uploads\/2024\/06\/received_813384570315548-768x512.jpeg 768w, https:\/\/www.northsea-basenjis.de\/wp-content\/uploads\/2024\/06\/received_813384570315548-1536x1024.jpeg 1536w, https:\/\/www.northsea-basenjis.de\/wp-content\/uploads\/2024\/06\/received_813384570315548-2048x1365.jpeg 2048w\" sizes=\"auto, (max-width: 767px) 89vw, (max-width: 1000px) 54vw, (max-width: 1071px) 543px, 580px\" \/><\/figure>\n<\/figure>\n<\/div>\n<\/div>\n\n\n\n<p class=\"has-medium-font-size\"><\/p>\n","protected":false},"excerpt":{"rendered":"<p>Internationale Ausstellung Leeuwarden\/ Niederlande\/ November Freitag: rCAC and CACIB (das Zweite)Samstag: nicht Groots Tag Sonntag: rCACIB mit einem superguten Richterbericht von einem Basenjispezialisten Internationale Ausstellung Salzburg\/\u00d6sterreich\/ August Samstag: CACA in der Offenen KlasseSonntag: rCACA in der Championklasse (kann als CACA genutzt werden)Somit sind 50% der \u00d6sterreichischen Champions geschafft. Internationale Ausstellung Vejen\/ D\u00e4nemark\/ Juni Freitag: rCERT &hellip; <\/p>\n<p class=\"link-more\"><a href=\"https:\/\/www.northsea-basenjis.de\/?page_id=402\" class=\"more-link\"><span class=\"screen-reader-text\">\u201eAusstellungen 2024\u201c<\/span> weiterlesen<\/a><\/p>\n","protected":false},"author":2,"featured_media":0,"parent":16,"menu_order":0,"comment_status":"closed","ping_status":"closed","template":"","meta":{"footnotes":""},"class_list":["post-402","page","type-page","status-publish","hentry"],"yoast_head":"<!-- This site is optimized with the Yoast SEO plugin v27.3 - https:\/\/yoast.com\/product\/yoast-seo-wordpress\/ -->\n<title>Ausstellungen 2024 - Northsea-Basenjis<\/title>\n<meta name=\"robots\" content=\"index, follow, max-snippet:-1, max-image-preview:large, max-video-preview:-1\" \/>\n<link rel=\"canonical\" href=\"https:\/\/www.northsea-basenjis.de\/?page_id=402\" \/>\n<meta property=\"og:locale\" content=\"de_DE\" \/>\n<meta property=\"og:type\" content=\"article\" \/>\n<meta property=\"og:title\" content=\"Ausstellungen 2024 - Northsea-Basenjis\" \/>\n<meta property=\"og:description\" content=\"Internationale Ausstellung Leeuwarden\/ Niederlande\/ November Freitag: rCAC and CACIB (das Zweite)Samstag: nicht Groots Tag Sonntag: rCACIB mit einem superguten Richterbericht von einem Basenjispezialisten Internationale Ausstellung Salzburg\/\u00d6sterreich\/ August Samstag: CACA in der Offenen KlasseSonntag: rCACA in der Championklasse (kann als CACA genutzt werden)Somit sind 50% der \u00d6sterreichischen Champions geschafft. Internationale Ausstellung Vejen\/ D\u00e4nemark\/ Juni Freitag: rCERT &hellip; \u201eAusstellungen 2024\u201c weiterlesen\" \/>\n<meta property=\"og:url\" content=\"https:\/\/www.northsea-basenjis.de\/?page_id=402\" \/>\n<meta property=\"og:site_name\" content=\"Northsea-Basenjis\" \/>\n<meta property=\"article:modified_time\" content=\"2025-07-27T14:07:47+00:00\" \/>\n<meta property=\"og:image\" content=\"https:\/\/www.northsea-basenjis.de\/wp-content\/uploads\/2025\/07\/1733335841753.jpeg_compressed.jpeg\" \/>\n\t<meta property=\"og:image:width\" content=\"1707\" \/>\n\t<meta property=\"og:image:height\" content=\"1280\" \/>\n\t<meta property=\"og:image:type\" content=\"image\/jpeg\" \/>\n<meta name=\"twitter:card\" content=\"summary_large_image\" \/>\n<meta name=\"twitter:label1\" content=\"Gesch\u00e4tzte Lesezeit\" \/>\n\t<meta name=\"twitter:data1\" content=\"4\u00a0Minuten\" \/>\n<script type=\"application\/ld+json\" class=\"yoast-schema-graph\">{\"@context\":\"https:\\\/\\\/schema.org\",\"@graph\":[{\"@type\":\"WebPage\",\"@id\":\"https:\\\/\\\/www.northsea-basenjis.de\\\/?page_id=402\",\"url\":\"https:\\\/\\\/www.northsea-basenjis.de\\\/?page_id=402\",\"name\":\"Ausstellungen 2024 - Northsea-Basenjis\",\"isPartOf\":{\"@id\":\"https:\\\/\\\/www.northsea-basenjis.de\\\/#website\"},\"primaryImageOfPage\":{\"@id\":\"https:\\\/\\\/www.northsea-basenjis.de\\\/?page_id=402#primaryimage\"},\"image\":{\"@id\":\"https:\\\/\\\/www.northsea-basenjis.de\\\/?page_id=402#primaryimage\"},\"thumbnailUrl\":\"https:\\\/\\\/www.northsea-basenjis.de\\\/wp-content\\\/uploads\\\/2025\\\/07\\\/1733335841753.jpeg_compressed-1024x768.jpeg\",\"datePublished\":\"2024-06-21T15:52:26+00:00\",\"dateModified\":\"2025-07-27T14:07:47+00:00\",\"breadcrumb\":{\"@id\":\"https:\\\/\\\/www.northsea-basenjis.de\\\/?page_id=402#breadcrumb\"},\"inLanguage\":\"de\",\"potentialAction\":[{\"@type\":\"ReadAction\",\"target\":[\"https:\\\/\\\/www.northsea-basenjis.de\\\/?page_id=402\"]}]},{\"@type\":\"ImageObject\",\"inLanguage\":\"de\",\"@id\":\"https:\\\/\\\/www.northsea-basenjis.de\\\/?page_id=402#primaryimage\",\"url\":\"https:\\\/\\\/www.northsea-basenjis.de\\\/wp-content\\\/uploads\\\/2025\\\/07\\\/1733335841753.jpeg_compressed.jpeg\",\"contentUrl\":\"https:\\\/\\\/www.northsea-basenjis.de\\\/wp-content\\\/uploads\\\/2025\\\/07\\\/1733335841753.jpeg_compressed.jpeg\",\"width\":1707,\"height\":1280},{\"@type\":\"BreadcrumbList\",\"@id\":\"https:\\\/\\\/www.northsea-basenjis.de\\\/?page_id=402#breadcrumb\",\"itemListElement\":[{\"@type\":\"ListItem\",\"position\":1,\"name\":\"Startseite\",\"item\":\"https:\\\/\\\/www.northsea-basenjis.de\\\/\"},{\"@type\":\"ListItem\",\"position\":2,\"name\":\"Groot\",\"item\":\"https:\\\/\\\/www.northsea-basenjis.de\\\/?page_id=16\"},{\"@type\":\"ListItem\",\"position\":3,\"name\":\"Ausstellungen 2024\"}]},{\"@type\":\"WebSite\",\"@id\":\"https:\\\/\\\/www.northsea-basenjis.de\\\/#website\",\"url\":\"https:\\\/\\\/www.northsea-basenjis.de\\\/\",\"name\":\"Northsea-Basenjis\",\"description\":\"Die zwei kleinen, wilden Dinger aus dem Busch\",\"potentialAction\":[{\"@type\":\"SearchAction\",\"target\":{\"@type\":\"EntryPoint\",\"urlTemplate\":\"https:\\\/\\\/www.northsea-basenjis.de\\\/?s={search_term_string}\"},\"query-input\":{\"@type\":\"PropertyValueSpecification\",\"valueRequired\":true,\"valueName\":\"search_term_string\"}}],\"inLanguage\":\"de\"}]}<\/script>\n<!-- \/ Yoast SEO plugin. -->","yoast_head_json":{"title":"Ausstellungen 2024 - Northsea-Basenjis","robots":{"index":"index","follow":"follow","max-snippet":"max-snippet:-1","max-image-preview":"max-image-preview:large","max-video-preview":"max-video-preview:-1"},"canonical":"https:\/\/www.northsea-basenjis.de\/?page_id=402","og_locale":"de_DE","og_type":"article","og_title":"Ausstellungen 2024 - Northsea-Basenjis","og_description":"Internationale Ausstellung Leeuwarden\/ Niederlande\/ November Freitag: rCAC and CACIB (das Zweite)Samstag: nicht Groots Tag Sonntag: rCACIB mit einem superguten Richterbericht von einem Basenjispezialisten Internationale Ausstellung Salzburg\/\u00d6sterreich\/ August Samstag: CACA in der Offenen KlasseSonntag: rCACA in der Championklasse (kann als CACA genutzt werden)Somit sind 50% der \u00d6sterreichischen Champions geschafft. Internationale Ausstellung Vejen\/ D\u00e4nemark\/ Juni Freitag: rCERT &hellip; \u201eAusstellungen 2024\u201c weiterlesen","og_url":"https:\/\/www.northsea-basenjis.de\/?page_id=402","og_site_name":"Northsea-Basenjis","article_modified_time":"2025-07-27T14:07:47+00:00","og_image":[{"width":1707,"height":1280,"url":"https:\/\/www.northsea-basenjis.de\/wp-content\/uploads\/2025\/07\/1733335841753.jpeg_compressed.jpeg","type":"image\/jpeg"}],"twitter_card":"summary_large_image","twitter_misc":{"Gesch\u00e4tzte Lesezeit":"4\u00a0Minuten"},"schema":{"@context":"https:\/\/schema.org","@graph":[{"@type":"WebPage","@id":"https:\/\/www.northsea-basenjis.de\/?page_id=402","url":"https:\/\/www.northsea-basenjis.de\/?page_id=402","name":"Ausstellungen 2024 - Northsea-Basenjis","isPartOf":{"@id":"https:\/\/www.northsea-basenjis.de\/#website"},"primaryImageOfPage":{"@id":"https:\/\/www.northsea-basenjis.de\/?page_id=402#primaryimage"},"image":{"@id":"https:\/\/www.northsea-basenjis.de\/?page_id=402#primaryimage"},"thumbnailUrl":"https:\/\/www.northsea-basenjis.de\/wp-content\/uploads\/2025\/07\/1733335841753.jpeg_compressed-1024x768.jpeg","datePublished":"2024-06-21T15:52:26+00:00","dateModified":"2025-07-27T14:07:47+00:00","breadcrumb":{"@id":"https:\/\/www.northsea-basenjis.de\/?page_id=402#breadcrumb"},"inLanguage":"de","potentialAction":[{"@type":"ReadAction","target":["https:\/\/www.northsea-basenjis.de\/?page_id=402"]}]},{"@type":"ImageObject","inLanguage":"de","@id":"https:\/\/www.northsea-basenjis.de\/?page_id=402#primaryimage","url":"https:\/\/www.northsea-basenjis.de\/wp-content\/uploads\/2025\/07\/1733335841753.jpeg_compressed.jpeg","contentUrl":"https:\/\/www.northsea-basenjis.de\/wp-content\/uploads\/2025\/07\/1733335841753.jpeg_compressed.jpeg","width":1707,"height":1280},{"@type":"BreadcrumbList","@id":"https:\/\/www.northsea-basenjis.de\/?page_id=402#breadcrumb","itemListElement":[{"@type":"ListItem","position":1,"name":"Startseite","item":"https:\/\/www.northsea-basenjis.de\/"},{"@type":"ListItem","position":2,"name":"Groot","item":"https:\/\/www.northsea-basenjis.de\/?page_id=16"},{"@type":"ListItem","position":3,"name":"Ausstellungen 2024"}]},{"@type":"WebSite","@id":"https:\/\/www.northsea-basenjis.de\/#website","url":"https:\/\/www.northsea-basenjis.de\/","name":"Northsea-Basenjis","description":"Die zwei kleinen, wilden Dinger aus dem Busch","potentialAction":[{"@type":"SearchAction","target":{"@type":"EntryPoint","urlTemplate":"https:\/\/www.northsea-basenjis.de\/?s={search_term_string}"},"query-input":{"@type":"PropertyValueSpecification","valueRequired":true,"valueName":"search_term_string"}}],"inLanguage":"de"}]}},"_links":{"self":[{"href":"https:\/\/www.northsea-basenjis.de\/index.php?rest_route=\/wp\/v2\/pages\/402","targetHints":{"allow":["GET"]}}],"collection":[{"href":"https:\/\/www.northsea-basenjis.de\/index.php?rest_route=\/wp\/v2\/pages"}],"about":[{"href":"https:\/\/www.northsea-basenjis.de\/index.php?rest_route=\/wp\/v2\/types\/page"}],"author":[{"embeddable":true,"href":"https:\/\/www.northsea-basenjis.de\/index.php?rest_route=\/wp\/v2\/users\/2"}],"replies":[{"embeddable":true,"href":"https:\/\/www.northsea-basenjis.de\/index.php?rest_route=%2Fwp%2Fv2%2Fcomments&post=402"}],"version-history":[{"count":6,"href":"https:\/\/www.northsea-basenjis.de\/index.php?rest_route=\/wp\/v2\/pages\/402\/revisions"}],"predecessor-version":[{"id":504,"href":"https:\/\/www.northsea-basenjis.de\/index.php?rest_route=\/wp\/v2\/pages\/402\/revisions\/504"}],"up":[{"embeddable":true,"href":"https:\/\/www.northsea-basenjis.de\/index.php?rest_route=\/wp\/v2\/pages\/16"}],"wp:attachment":[{"href":"https:\/\/www.northsea-basenjis.de\/index.php?rest_route=%2Fwp%2Fv2%2Fmedia&parent=402"}],"curies":[{"name":"wp","href":"https:\/\/api.w.org\/{rel}","templated":true}]}}