{"id":13,"date":"2022-09-27T14:29:07","date_gmt":"2022-09-27T12:29:07","guid":{"rendered":"https:\/\/www.northsea-basenjis.de\/?page_id=13"},"modified":"2025-08-02T17:10:14","modified_gmt":"2025-08-02T15:10:14","slug":"rocket","status":"publish","type":"page","link":"https:\/\/www.northsea-basenjis.de\/?page_id=13","title":{"rendered":"Rocket"},"content":{"rendered":"\n<p>Geboren: 27.11.2019<br>Zwinger: Black Forest goblins<br>Z\u00fcchter: Tobias Lentz (Deutschland)<br>Zwingername: Black Forest goblins From Dusk Till Dawn<\/p>\n\n\n\n<p>Fanconi: Frei<br>PRA: Frei<br>H\u00fcften: A1<br>Augen: PPM frei, CAT frei, Corioretinitic Narbe dorsal<br>Gr\u00f6\u00dfe: 45,5 cm<\/p>\n\n\n\n<figure class=\"wp-block-image size-large is-resized\"><img loading=\"lazy\" decoding=\"async\" width=\"1024\" height=\"975\" src=\"https:\/\/www.northsea-basenjis.de\/wp-content\/uploads\/2024\/06\/Basenji_rocket-1024x975.jpg\" alt=\"\" class=\"wp-image-384\" style=\"width:675px;height:auto\" srcset=\"https:\/\/www.northsea-basenjis.de\/wp-content\/uploads\/2024\/06\/Basenji_rocket-1024x975.jpg 1024w, https:\/\/www.northsea-basenjis.de\/wp-content\/uploads\/2024\/06\/Basenji_rocket-300x286.jpg 300w, https:\/\/www.northsea-basenjis.de\/wp-content\/uploads\/2024\/06\/Basenji_rocket-768x731.jpg 768w, https:\/\/www.northsea-basenjis.de\/wp-content\/uploads\/2024\/06\/Basenji_rocket-1536x1462.jpg 1536w, https:\/\/www.northsea-basenjis.de\/wp-content\/uploads\/2024\/06\/Basenji_rocket-2048x1949.jpg 2048w\" sizes=\"auto, (max-width: 767px) 89vw, (max-width: 1000px) 54vw, (max-width: 1071px) 543px, 580px\" \/><\/figure>\n\n\n\n<p class=\"has-medium-font-size\"><strong>Titel und Erfolge:<\/strong><\/p>\n\n\n\n<ul class=\"wp-block-list\">\n<li>Internationaler Champion<\/li>\n\n\n\n<li>Deutscher Champion (VDH)<\/li>\n\n\n\n<li>Deutscher Champion Klub<\/li>\n\n\n\n<li>Schweizer Showchampion<\/li>\n\n\n\n<li>D\u00e4nischer Champion<\/li>\n\n\n\n<li>\u00d6sterreischischer Champion<\/li>\n\n\n\n<li>Niederl\u00e4ndischer Champion<\/li>\n\n\n\n<li>Bundessieger VDH 2021<\/li>\n<\/ul>\n\n\n\n<figure class=\"wp-block-gallery has-nested-images columns-default is-cropped wp-block-gallery-1 is-layout-flex wp-block-gallery-is-layout-flex\">\n<figure class=\"wp-block-image size-large\"><img loading=\"lazy\" decoding=\"async\" width=\"473\" height=\"1024\" data-id=\"238\" src=\"https:\/\/www.northsea-basenjis.de\/wp-content\/uploads\/2023\/04\/1635097463330-01-473x1024.jpeg\" alt=\"\" class=\"wp-image-238\" srcset=\"https:\/\/www.northsea-basenjis.de\/wp-content\/uploads\/2023\/04\/1635097463330-01-473x1024.jpeg 473w, https:\/\/www.northsea-basenjis.de\/wp-content\/uploads\/2023\/04\/1635097463330-01-138x300.jpeg 138w, https:\/\/www.northsea-basenjis.de\/wp-content\/uploads\/2023\/04\/1635097463330-01-768x1664.jpeg 768w, https:\/\/www.northsea-basenjis.de\/wp-content\/uploads\/2023\/04\/1635097463330-01-709x1536.jpeg 709w, https:\/\/www.northsea-basenjis.de\/wp-content\/uploads\/2023\/04\/1635097463330-01-945x2048.jpeg 945w, https:\/\/www.northsea-basenjis.de\/wp-content\/uploads\/2023\/04\/1635097463330-01-800x1734.jpeg 800w, https:\/\/www.northsea-basenjis.de\/wp-content\/uploads\/2023\/04\/1635097463330-01-scaled.jpeg 1181w\" sizes=\"auto, (max-width: 473px) 100vw, 473px\" \/><\/figure>\n\n\n\n<figure class=\"wp-block-image size-large\"><img loading=\"lazy\" decoding=\"async\" width=\"768\" height=\"1024\" data-id=\"593\" src=\"https:\/\/www.northsea-basenjis.de\/wp-content\/uploads\/2025\/08\/IMG_20250611_091511.jpg_compressed-768x1024.jpeg\" alt=\"\" class=\"wp-image-593\" srcset=\"https:\/\/www.northsea-basenjis.de\/wp-content\/uploads\/2025\/08\/IMG_20250611_091511.jpg_compressed-768x1024.jpeg 768w, https:\/\/www.northsea-basenjis.de\/wp-content\/uploads\/2025\/08\/IMG_20250611_091511.jpg_compressed-225x300.jpeg 225w, https:\/\/www.northsea-basenjis.de\/wp-content\/uploads\/2025\/08\/IMG_20250611_091511.jpg_compressed-1152x1536.jpeg 1152w, https:\/\/www.northsea-basenjis.de\/wp-content\/uploads\/2025\/08\/IMG_20250611_091511.jpg_compressed.jpeg 1280w\" sizes=\"auto, (max-width: 767px) 89vw, (max-width: 1000px) 54vw, (max-width: 1071px) 543px, 580px\" \/><\/figure>\n\n\n\n<figure class=\"wp-block-image size-large\"><img loading=\"lazy\" decoding=\"async\" width=\"644\" height=\"1024\" data-id=\"235\" src=\"https:\/\/www.northsea-basenjis.de\/wp-content\/uploads\/2023\/04\/DSC7372-Bearbeitet-2-644x1024.jpg\" alt=\"\" class=\"wp-image-235\" srcset=\"https:\/\/www.northsea-basenjis.de\/wp-content\/uploads\/2023\/04\/DSC7372-Bearbeitet-2-644x1024.jpg 644w, https:\/\/www.northsea-basenjis.de\/wp-content\/uploads\/2023\/04\/DSC7372-Bearbeitet-2-189x300.jpg 189w, https:\/\/www.northsea-basenjis.de\/wp-content\/uploads\/2023\/04\/DSC7372-Bearbeitet-2-768x1222.jpg 768w, https:\/\/www.northsea-basenjis.de\/wp-content\/uploads\/2023\/04\/DSC7372-Bearbeitet-2-965x1536.jpg 965w, https:\/\/www.northsea-basenjis.de\/wp-content\/uploads\/2023\/04\/DSC7372-Bearbeitet-2-1287x2048.jpg 1287w, https:\/\/www.northsea-basenjis.de\/wp-content\/uploads\/2023\/04\/DSC7372-Bearbeitet-2-800x1273.jpg 800w, https:\/\/www.northsea-basenjis.de\/wp-content\/uploads\/2023\/04\/DSC7372-Bearbeitet-2-scaled.jpg 1609w\" sizes=\"auto, (max-width: 644px) 100vw, 644px\" \/><\/figure>\n\n\n\n<figure class=\"wp-block-image size-large\"><img loading=\"lazy\" decoding=\"async\" width=\"628\" height=\"1024\" data-id=\"236\" src=\"https:\/\/www.northsea-basenjis.de\/wp-content\/uploads\/2023\/04\/1644783794380-01-2-628x1024.jpeg\" alt=\"\" class=\"wp-image-236\" srcset=\"https:\/\/www.northsea-basenjis.de\/wp-content\/uploads\/2023\/04\/1644783794380-01-2-628x1024.jpeg 628w, https:\/\/www.northsea-basenjis.de\/wp-content\/uploads\/2023\/04\/1644783794380-01-2-184x300.jpeg 184w, https:\/\/www.northsea-basenjis.de\/wp-content\/uploads\/2023\/04\/1644783794380-01-2-768x1252.jpeg 768w, https:\/\/www.northsea-basenjis.de\/wp-content\/uploads\/2023\/04\/1644783794380-01-2-942x1536.jpeg 942w, https:\/\/www.northsea-basenjis.de\/wp-content\/uploads\/2023\/04\/1644783794380-01-2-1257x2048.jpeg 1257w, https:\/\/www.northsea-basenjis.de\/wp-content\/uploads\/2023\/04\/1644783794380-01-2-800x1304.jpeg 800w, https:\/\/www.northsea-basenjis.de\/wp-content\/uploads\/2023\/04\/1644783794380-01-2-scaled.jpeg 1571w\" sizes=\"auto, (max-width: 628px) 100vw, 628px\" \/><\/figure>\n\n\n\n<figure class=\"wp-block-image size-large\"><img loading=\"lazy\" decoding=\"async\" width=\"760\" height=\"1024\" data-id=\"234\" src=\"https:\/\/www.northsea-basenjis.de\/wp-content\/uploads\/2023\/04\/DSC7052-Bearbeitet-1-760x1024.jpg\" alt=\"\" class=\"wp-image-234\" srcset=\"https:\/\/www.northsea-basenjis.de\/wp-content\/uploads\/2023\/04\/DSC7052-Bearbeitet-1-760x1024.jpg 760w, https:\/\/www.northsea-basenjis.de\/wp-content\/uploads\/2023\/04\/DSC7052-Bearbeitet-1-223x300.jpg 223w, https:\/\/www.northsea-basenjis.de\/wp-content\/uploads\/2023\/04\/DSC7052-Bearbeitet-1-768x1035.jpg 768w, https:\/\/www.northsea-basenjis.de\/wp-content\/uploads\/2023\/04\/DSC7052-Bearbeitet-1-1140x1536.jpg 1140w, https:\/\/www.northsea-basenjis.de\/wp-content\/uploads\/2023\/04\/DSC7052-Bearbeitet-1-1520x2048.jpg 1520w, https:\/\/www.northsea-basenjis.de\/wp-content\/uploads\/2023\/04\/DSC7052-Bearbeitet-1-800x1078.jpg 800w, https:\/\/www.northsea-basenjis.de\/wp-content\/uploads\/2023\/04\/DSC7052-Bearbeitet-1-scaled.jpg 1899w\" sizes=\"auto, (max-width: 706px) 89vw, (max-width: 767px) 82vw, 740px\" \/><\/figure>\n\n\n\n<figure class=\"wp-block-image size-large\"><img loading=\"lazy\" decoding=\"async\" width=\"768\" height=\"1024\" data-id=\"592\" src=\"https:\/\/www.northsea-basenjis.de\/wp-content\/uploads\/2025\/08\/IMG_20250612_194419.jpg_compressed-768x1024.jpeg\" alt=\"\" class=\"wp-image-592\" srcset=\"https:\/\/www.northsea-basenjis.de\/wp-content\/uploads\/2025\/08\/IMG_20250612_194419.jpg_compressed-768x1024.jpeg 768w, https:\/\/www.northsea-basenjis.de\/wp-content\/uploads\/2025\/08\/IMG_20250612_194419.jpg_compressed-225x300.jpeg 225w, https:\/\/www.northsea-basenjis.de\/wp-content\/uploads\/2025\/08\/IMG_20250612_194419.jpg_compressed-1152x1536.jpeg 1152w, https:\/\/www.northsea-basenjis.de\/wp-content\/uploads\/2025\/08\/IMG_20250612_194419.jpg_compressed.jpeg 1280w\" sizes=\"auto, (max-width: 767px) 89vw, (max-width: 1000px) 54vw, (max-width: 1071px) 543px, 580px\" \/><\/figure>\n\n\n\n<figure class=\"wp-block-image size-large\"><img loading=\"lazy\" decoding=\"async\" width=\"1024\" height=\"683\" data-id=\"594\" src=\"https:\/\/www.northsea-basenjis.de\/wp-content\/uploads\/2025\/08\/DSC_1947-1024x683.jpg\" alt=\"\" class=\"wp-image-594\" srcset=\"https:\/\/www.northsea-basenjis.de\/wp-content\/uploads\/2025\/08\/DSC_1947-1024x683.jpg 1024w, https:\/\/www.northsea-basenjis.de\/wp-content\/uploads\/2025\/08\/DSC_1947-300x200.jpg 300w, https:\/\/www.northsea-basenjis.de\/wp-content\/uploads\/2025\/08\/DSC_1947-768x512.jpg 768w, https:\/\/www.northsea-basenjis.de\/wp-content\/uploads\/2025\/08\/DSC_1947-1536x1024.jpg 1536w, https:\/\/www.northsea-basenjis.de\/wp-content\/uploads\/2025\/08\/DSC_1947-2048x1365.jpg 2048w\" sizes=\"auto, (max-width: 767px) 89vw, (max-width: 1000px) 54vw, (max-width: 1071px) 543px, 580px\" \/><\/figure>\n<\/figure>\n","protected":false},"excerpt":{"rendered":"<p>Geboren: 27.11.2019Zwinger: Black Forest goblinsZ\u00fcchter: Tobias Lentz (Deutschland)Zwingername: Black Forest goblins From Dusk Till Dawn Fanconi: FreiPRA: FreiH\u00fcften: A1Augen: PPM frei, CAT frei, Corioretinitic Narbe dorsalGr\u00f6\u00dfe: 45,5 cm Titel und Erfolge:<\/p>\n","protected":false},"author":2,"featured_media":0,"parent":0,"menu_order":0,"comment_status":"closed","ping_status":"closed","template":"","meta":{"footnotes":""},"class_list":["post-13","page","type-page","status-publish","hentry"],"yoast_head":"<!-- This site is optimized with the Yoast SEO plugin v27.3 - https:\/\/yoast.com\/product\/yoast-seo-wordpress\/ -->\n<title>Rocket - Northsea-Basenjis<\/title>\n<meta name=\"robots\" content=\"index, follow, max-snippet:-1, max-image-preview:large, max-video-preview:-1\" \/>\n<link rel=\"canonical\" href=\"https:\/\/www.northsea-basenjis.de\/?page_id=13\" \/>\n<meta property=\"og:locale\" content=\"de_DE\" \/>\n<meta property=\"og:type\" content=\"article\" \/>\n<meta property=\"og:title\" content=\"Rocket - Northsea-Basenjis\" \/>\n<meta property=\"og:description\" content=\"Geboren: 27.11.2019Zwinger: Black Forest goblinsZ\u00fcchter: Tobias Lentz (Deutschland)Zwingername: Black Forest goblins From Dusk Till Dawn Fanconi: FreiPRA: FreiH\u00fcften: A1Augen: PPM frei, CAT frei, Corioretinitic Narbe dorsalGr\u00f6\u00dfe: 45,5 cm Titel und Erfolge:\" \/>\n<meta property=\"og:url\" content=\"https:\/\/www.northsea-basenjis.de\/?page_id=13\" \/>\n<meta property=\"og:site_name\" content=\"Northsea-Basenjis\" \/>\n<meta property=\"article:modified_time\" content=\"2025-08-02T15:10:14+00:00\" \/>\n<meta property=\"og:image\" content=\"https:\/\/www.northsea-basenjis.de\/wp-content\/uploads\/2024\/06\/Basenji_rocket-scaled.jpg\" \/>\n\t<meta property=\"og:image:width\" content=\"2560\" \/>\n\t<meta property=\"og:image:height\" content=\"2437\" \/>\n\t<meta property=\"og:image:type\" content=\"image\/jpeg\" \/>\n<meta name=\"twitter:card\" content=\"summary_large_image\" \/>\n<meta name=\"twitter:label1\" content=\"Gesch\u00e4tzte Lesezeit\" \/>\n\t<meta name=\"twitter:data1\" content=\"2\u00a0Minuten\" \/>\n<script type=\"application\/ld+json\" class=\"yoast-schema-graph\">{\"@context\":\"https:\\\/\\\/schema.org\",\"@graph\":[{\"@type\":\"WebPage\",\"@id\":\"https:\\\/\\\/www.northsea-basenjis.de\\\/?page_id=13\",\"url\":\"https:\\\/\\\/www.northsea-basenjis.de\\\/?page_id=13\",\"name\":\"Rocket - Northsea-Basenjis\",\"isPartOf\":{\"@id\":\"https:\\\/\\\/www.northsea-basenjis.de\\\/#website\"},\"primaryImageOfPage\":{\"@id\":\"https:\\\/\\\/www.northsea-basenjis.de\\\/?page_id=13#primaryimage\"},\"image\":{\"@id\":\"https:\\\/\\\/www.northsea-basenjis.de\\\/?page_id=13#primaryimage\"},\"thumbnailUrl\":\"https:\\\/\\\/www.northsea-basenjis.de\\\/wp-content\\\/uploads\\\/2024\\\/06\\\/Basenji_rocket-1024x975.jpg\",\"datePublished\":\"2022-09-27T12:29:07+00:00\",\"dateModified\":\"2025-08-02T15:10:14+00:00\",\"breadcrumb\":{\"@id\":\"https:\\\/\\\/www.northsea-basenjis.de\\\/?page_id=13#breadcrumb\"},\"inLanguage\":\"de\",\"potentialAction\":[{\"@type\":\"ReadAction\",\"target\":[\"https:\\\/\\\/www.northsea-basenjis.de\\\/?page_id=13\"]}]},{\"@type\":\"ImageObject\",\"inLanguage\":\"de\",\"@id\":\"https:\\\/\\\/www.northsea-basenjis.de\\\/?page_id=13#primaryimage\",\"url\":\"https:\\\/\\\/www.northsea-basenjis.de\\\/wp-content\\\/uploads\\\/2024\\\/06\\\/Basenji_rocket-scaled.jpg\",\"contentUrl\":\"https:\\\/\\\/www.northsea-basenjis.de\\\/wp-content\\\/uploads\\\/2024\\\/06\\\/Basenji_rocket-scaled.jpg\",\"width\":2560,\"height\":2437},{\"@type\":\"BreadcrumbList\",\"@id\":\"https:\\\/\\\/www.northsea-basenjis.de\\\/?page_id=13#breadcrumb\",\"itemListElement\":[{\"@type\":\"ListItem\",\"position\":1,\"name\":\"Startseite\",\"item\":\"https:\\\/\\\/www.northsea-basenjis.de\\\/\"},{\"@type\":\"ListItem\",\"position\":2,\"name\":\"Rocket\"}]},{\"@type\":\"WebSite\",\"@id\":\"https:\\\/\\\/www.northsea-basenjis.de\\\/#website\",\"url\":\"https:\\\/\\\/www.northsea-basenjis.de\\\/\",\"name\":\"Northsea-Basenjis\",\"description\":\"Die zwei kleinen, wilden Dinger aus dem Busch\",\"potentialAction\":[{\"@type\":\"SearchAction\",\"target\":{\"@type\":\"EntryPoint\",\"urlTemplate\":\"https:\\\/\\\/www.northsea-basenjis.de\\\/?s={search_term_string}\"},\"query-input\":{\"@type\":\"PropertyValueSpecification\",\"valueRequired\":true,\"valueName\":\"search_term_string\"}}],\"inLanguage\":\"de\"}]}<\/script>\n<!-- \/ Yoast SEO plugin. -->","yoast_head_json":{"title":"Rocket - Northsea-Basenjis","robots":{"index":"index","follow":"follow","max-snippet":"max-snippet:-1","max-image-preview":"max-image-preview:large","max-video-preview":"max-video-preview:-1"},"canonical":"https:\/\/www.northsea-basenjis.de\/?page_id=13","og_locale":"de_DE","og_type":"article","og_title":"Rocket - Northsea-Basenjis","og_description":"Geboren: 27.11.2019Zwinger: Black Forest goblinsZ\u00fcchter: Tobias Lentz (Deutschland)Zwingername: Black Forest goblins From Dusk Till Dawn Fanconi: FreiPRA: FreiH\u00fcften: A1Augen: PPM frei, CAT frei, Corioretinitic Narbe dorsalGr\u00f6\u00dfe: 45,5 cm Titel und Erfolge:","og_url":"https:\/\/www.northsea-basenjis.de\/?page_id=13","og_site_name":"Northsea-Basenjis","article_modified_time":"2025-08-02T15:10:14+00:00","og_image":[{"width":2560,"height":2437,"url":"https:\/\/www.northsea-basenjis.de\/wp-content\/uploads\/2024\/06\/Basenji_rocket-scaled.jpg","type":"image\/jpeg"}],"twitter_card":"summary_large_image","twitter_misc":{"Gesch\u00e4tzte Lesezeit":"2\u00a0Minuten"},"schema":{"@context":"https:\/\/schema.org","@graph":[{"@type":"WebPage","@id":"https:\/\/www.northsea-basenjis.de\/?page_id=13","url":"https:\/\/www.northsea-basenjis.de\/?page_id=13","name":"Rocket - Northsea-Basenjis","isPartOf":{"@id":"https:\/\/www.northsea-basenjis.de\/#website"},"primaryImageOfPage":{"@id":"https:\/\/www.northsea-basenjis.de\/?page_id=13#primaryimage"},"image":{"@id":"https:\/\/www.northsea-basenjis.de\/?page_id=13#primaryimage"},"thumbnailUrl":"https:\/\/www.northsea-basenjis.de\/wp-content\/uploads\/2024\/06\/Basenji_rocket-1024x975.jpg","datePublished":"2022-09-27T12:29:07+00:00","dateModified":"2025-08-02T15:10:14+00:00","breadcrumb":{"@id":"https:\/\/www.northsea-basenjis.de\/?page_id=13#breadcrumb"},"inLanguage":"de","potentialAction":[{"@type":"ReadAction","target":["https:\/\/www.northsea-basenjis.de\/?page_id=13"]}]},{"@type":"ImageObject","inLanguage":"de","@id":"https:\/\/www.northsea-basenjis.de\/?page_id=13#primaryimage","url":"https:\/\/www.northsea-basenjis.de\/wp-content\/uploads\/2024\/06\/Basenji_rocket-scaled.jpg","contentUrl":"https:\/\/www.northsea-basenjis.de\/wp-content\/uploads\/2024\/06\/Basenji_rocket-scaled.jpg","width":2560,"height":2437},{"@type":"BreadcrumbList","@id":"https:\/\/www.northsea-basenjis.de\/?page_id=13#breadcrumb","itemListElement":[{"@type":"ListItem","position":1,"name":"Startseite","item":"https:\/\/www.northsea-basenjis.de\/"},{"@type":"ListItem","position":2,"name":"Rocket"}]},{"@type":"WebSite","@id":"https:\/\/www.northsea-basenjis.de\/#website","url":"https:\/\/www.northsea-basenjis.de\/","name":"Northsea-Basenjis","description":"Die zwei kleinen, wilden Dinger aus dem Busch","potentialAction":[{"@type":"SearchAction","target":{"@type":"EntryPoint","urlTemplate":"https:\/\/www.northsea-basenjis.de\/?s={search_term_string}"},"query-input":{"@type":"PropertyValueSpecification","valueRequired":true,"valueName":"search_term_string"}}],"inLanguage":"de"}]}},"_links":{"self":[{"href":"https:\/\/www.northsea-basenjis.de\/index.php?rest_route=\/wp\/v2\/pages\/13","targetHints":{"allow":["GET"]}}],"collection":[{"href":"https:\/\/www.northsea-basenjis.de\/index.php?rest_route=\/wp\/v2\/pages"}],"about":[{"href":"https:\/\/www.northsea-basenjis.de\/index.php?rest_route=\/wp\/v2\/types\/page"}],"author":[{"embeddable":true,"href":"https:\/\/www.northsea-basenjis.de\/index.php?rest_route=\/wp\/v2\/users\/2"}],"replies":[{"embeddable":true,"href":"https:\/\/www.northsea-basenjis.de\/index.php?rest_route=%2Fwp%2Fv2%2Fcomments&post=13"}],"version-history":[{"count":12,"href":"https:\/\/www.northsea-basenjis.de\/index.php?rest_route=\/wp\/v2\/pages\/13\/revisions"}],"predecessor-version":[{"id":595,"href":"https:\/\/www.northsea-basenjis.de\/index.php?rest_route=\/wp\/v2\/pages\/13\/revisions\/595"}],"wp:attachment":[{"href":"https:\/\/www.northsea-basenjis.de\/index.php?rest_route=%2Fwp%2Fv2%2Fmedia&parent=13"}],"curies":[{"name":"wp","href":"https:\/\/api.w.org\/{rel}","templated":true}]}}